{"id":722,"date":"2022-11-02T17:07:14","date_gmt":"2022-11-02T17:07:14","guid":{"rendered":"https:\/\/sustainable-packaging.ca\/a-propos\/vue-densemble\/"},"modified":"2024-01-23T18:27:11","modified_gmt":"2024-01-23T18:27:11","slug":"vue-densemble","status":"publish","type":"page","link":"https:\/\/sustainable-packaging.ca\/fr\/a-propos\/vue-densemble\/","title":{"rendered":"Vue d&rsquo;ensemble"},"content":{"rendered":"\t\t<div data-elementor-type=\"wp-post\" data-elementor-id=\"722\" class=\"elementor elementor-722 elementor-6\" data-elementor-post-type=\"page\">\n\t\t\t\t\t\t<section class=\"elementor-section elementor-top-section elementor-element elementor-element-0b3d824 elementor-section-boxed elementor-section-height-default elementor-section-height-default\" data-id=\"0b3d824\" data-element_type=\"section\" data-e-type=\"section\">\n\t\t\t\t\t\t<div class=\"elementor-container elementor-column-gap-default\">\n\t\t\t\t\t<div class=\"elementor-column elementor-col-100 elementor-top-column elementor-element elementor-element-c25db93\" data-id=\"c25db93\" data-element_type=\"column\" data-e-type=\"column\">\n\t\t\t<div class=\"elementor-widget-wrap elementor-element-populated\">\n\t\t\t\t\t\t<div class=\"elementor-element elementor-element-d037f02 elementor-widget elementor-widget-heading\" data-id=\"d037f02\" data-element_type=\"widget\" data-e-type=\"widget\" data-widget_type=\"heading.default\">\n\t\t\t\t<div class=\"elementor-widget-container\">\n\t\t\t\t\t<h2 class=\"elementor-heading-title elementor-size-default\">Contexte<\/h2>\t\t\t\t<\/div>\n\t\t\t\t<\/div>\n\t\t\t\t<div class=\"elementor-element elementor-element-e592fa5 elementor-widget elementor-widget-text-editor\" data-id=\"e592fa5\" data-element_type=\"widget\" data-e-type=\"widget\" data-widget_type=\"text-editor.default\">\n\t\t\t\t<div class=\"elementor-widget-container\">\n\t\t\t\t\t\t\t\t\t<p>L&rsquo;industrie canadienne de l&rsquo;alimentation et des fruits et l\u00e9gumes est diversifi\u00e9e, allant des grands d\u00e9taillants aux petites entreprises produisant des biens pour les march\u00e9s locaux. Tous sont confront\u00e9s au d\u00e9fi de r\u00e9duire l&rsquo;impact des emballages sur notre environnement commun. Le d\u00e9veloppement d&rsquo;outils de prise de d\u00e9cision en mati\u00e8re d&#8217;emballage guidant l&rsquo;industrie fournit des ressources permettant de faire les choix les plus durables en mati\u00e8re d&#8217;emballage, compte tenu des technologies d&#8217;emballage actuelles et \u00e9mergentes et de l&rsquo;\u00e9tat des syst\u00e8mes de gestion des d\u00e9chets au Canada.<\/p>\n\t\t\t\t\t\t\t\t<\/div>\n\t\t\t\t<\/div>\n\t\t\t\t<div class=\"elementor-element elementor-element-fdee583 elementor-widget elementor-widget-text-editor\" data-id=\"fdee583\" data-element_type=\"widget\" data-e-type=\"widget\" data-widget_type=\"text-editor.default\">\n\t\t\t\t<div class=\"elementor-widget-container\">\n\t\t\t\t\t\t\t\t\t<h3>Sous l&rsquo;impulsion de l&rsquo;industrie des fruits et l\u00e9gumes du Canada<\/h3>\n<p>Depuis 2019, le <a href=\"https:\/\/cpma.ca\/industry\/sustainability\/plastics-packaging-working-group\">groupe de travail sur l&#8217;emballage de l&rsquo;Association canadienne de la distribution de fruits et<\/a> l\u00e9gumes dirige les efforts visant \u00e0 faire progresser l&rsquo;adoption d&rsquo;options d&#8217;emballage durables pour l&rsquo;industrie canadienne des fruits et l\u00e9gumes. Gr\u00e2ce \u00e0 une combinaison de produits d&rsquo;information, de s\u00e9minaires industriels et d&rsquo;efforts continus pour partager les meilleures pratiques du secteur, le groupe de travail sur l&#8217;emballage de l&rsquo;ACPM a contribu\u00e9 \u00e0 fa\u00e7onner la conversation autour de l&#8217;emballage durable pour les produits frais. Le groupe de travail sur l&#8217;emballage de l&rsquo;ACPM a identifi\u00e9 le besoin d&rsquo;outils d&rsquo;aide \u00e0 la d\u00e9cision en mati\u00e8re d&#8217;emballage pour soutenir l&rsquo;industrie des fruits et l\u00e9gumes dans sa recherche de solutions d&#8217;emballage durables. Ce guide est la r\u00e9ponse \u00e0 ce besoin.<\/p>\n<h3>Soutenu par Agriculture et Agroalimentaire Canada (AAC)<\/h3>\n<p>L&rsquo;\u00e9laboration de ce guide est soutenue par Agriculture et Agroalimentaire Canada dans le cadre du <a href=\"https:\/\/agriculture.canada.ca\/en\/programs\/canadian-agricultural-strategic-priorities\">Programme canadien de priorit\u00e9s strat\u00e9giques en agriculture (PCPS)<\/a>. Le programme soutient la participation du secteur agricole canadien aux objectifs de croissance et de politique du gouvernement du Canada en investissant dans la conception, le d\u00e9veloppement et la mise en \u0153uvre par le secteur d&rsquo;outils et de strat\u00e9gies permettant de r\u00e9pondre aux opportunit\u00e9s cr\u00e9\u00e9es par ces objectifs et de les saisir.<\/p>\n<p>Dans le cas de ce guide, les avantages pour le secteur canadien de l&rsquo;agriculture, de l&rsquo;agroalimentaire et des produits agro-industriels comprennent l&rsquo;am\u00e9lioration de la durabilit\u00e9, le soutien \u00e0 la planification strat\u00e9gique et au renforcement des capacit\u00e9s, et l&rsquo;aide \u00e0 la r\u00e9solution des probl\u00e8mes \u00e9mergents li\u00e9s \u00e0 l&#8217;emballage.<\/p>\n<h3>Des partenaires strat\u00e9giques au service de l&rsquo;UE<\/h3>\n<p>Les d\u00e9fis li\u00e9s \u00e0 l&#8217;emballage durable ne sont pas propres au secteur canadien des produits frais. De nombreux secteurs sont confront\u00e9s \u00e0 des d\u00e9fis similaires dans l&rsquo;identification et l&rsquo;adoption de solutions d&#8217;emballage durables. Par cons\u00e9quent, le groupe de travail sur l&#8217;emballage de l&rsquo;ACPM s&rsquo;est adress\u00e9 \u00e0 des partenaires cl\u00e9s du secteur alimentaire, notamment <a href=\"https:\/\/fbc-abc.com\/\">Food and Beverage Canada<\/a>, qui soutient ce travail par l&rsquo;interm\u00e9diaire de ses membres.<\/p>\n<p>En outre, les principaux acteurs du secteur des plastiques, tels que le <a href=\"https:\/\/plasticspact.ca\/\">Pacte Plastiques Canada<\/a>, et les cabinets d&rsquo;experts-conseils leaders de l&rsquo;industrie, tels que <a href=\"https:\/\/www.pac.global\/\">PAC Global<\/a>, fournissent des conseils strat\u00e9giques et un soutien en ce qui concerne l&rsquo;\u00e9tat actuel de l&rsquo;\u00e9cosyst\u00e8me des plastiques au Canada.<\/p>\n<h3>Comment ce guide a \u00e9t\u00e9 \u00e9labor\u00e9<\/h3>\n<p>Dirig\u00e9 par le groupe de travail sur l&#8217;emballage plastique de l&rsquo;ACPM, ce guide a \u00e9t\u00e9 \u00e9labor\u00e9 et aliment\u00e9 par les contributions directes des principaux acteurs de l&rsquo;industrie alimentaire et des fruits et l\u00e9gumes. Les groupes consultatifs de l&rsquo;industrie, qui ont des connaissances sur les principales cat\u00e9gories d&#8217;emballages, ont fourni des conseils pour le d\u00e9veloppement et l&rsquo;affinement des outils.  <\/p>\n\t\t\t\t\t\t\t\t<\/div>\n\t\t\t\t<\/div>\n\t\t\t\t\t<\/div>\n\t\t<\/div>\n\t\t\t\t\t<\/div>\n\t\t<\/section>\n\t\t\t\t<section class=\"elementor-section elementor-top-section elementor-element elementor-element-73c8af8 elementor-section-stretched elementor-section-boxed elementor-section-height-default elementor-section-height-default\" data-id=\"73c8af8\" data-element_type=\"section\" data-e-type=\"section\" data-settings=\"{&quot;stretch_section&quot;:&quot;section-stretched&quot;,&quot;background_background&quot;:&quot;classic&quot;}\">\n\t\t\t\t\t\t\t<div class=\"elementor-background-overlay\"><\/div>\n\t\t\t\t\t\t\t<div class=\"elementor-container elementor-column-gap-default\">\n\t\t\t\t\t<div class=\"elementor-column elementor-col-100 elementor-top-column elementor-element elementor-element-ff26a3c\" data-id=\"ff26a3c\" data-element_type=\"column\" data-e-type=\"column\">\n\t\t\t<div class=\"elementor-widget-wrap elementor-element-populated\">\n\t\t\t\t\t\t<div class=\"elementor-element elementor-element-1934cff elementor-widget elementor-widget-heading\" data-id=\"1934cff\" data-element_type=\"widget\" data-e-type=\"widget\" data-widget_type=\"heading.default\">\n\t\t\t\t<div class=\"elementor-widget-container\">\n\t\t\t\t\t<h2 class=\"elementor-heading-title elementor-size-default\">Notre objectif<\/h2>\t\t\t\t<\/div>\n\t\t\t\t<\/div>\n\t\t\t\t<div class=\"elementor-element elementor-element-cc6348e elementor-widget elementor-widget-text-editor\" data-id=\"cc6348e\" data-element_type=\"widget\" data-e-type=\"widget\" data-widget_type=\"text-editor.default\">\n\t\t\t\t<div class=\"elementor-widget-container\">\n\t\t\t\t\t\t\t\t\t<p style=\"text-align: center;\">D\u00e9velopper et fournir des ressources qui guideront et soutiendront la prise de d\u00e9cision de l&rsquo;industrie alimentaire et des fruits et l\u00e9gumes du Canada &#8211; en am\u00e9liorant la durabilit\u00e9 des emballages alimentaires.<\/p>\n\t\t\t\t\t\t\t\t<\/div>\n\t\t\t\t<\/div>\n\t\t\t\t\t<\/div>\n\t\t<\/div>\n\t\t\t\t\t<\/div>\n\t\t<\/section>\n\t\t\t\t<section class=\"elementor-section elementor-top-section elementor-element elementor-element-bb84189 elementor-section-stretched elementor-section-boxed elementor-section-height-default elementor-section-height-default\" data-id=\"bb84189\" data-element_type=\"section\" data-e-type=\"section\" data-settings=\"{&quot;stretch_section&quot;:&quot;section-stretched&quot;}\">\n\t\t\t\t\t\t<div class=\"elementor-container elementor-column-gap-default\">\n\t\t\t\t\t<div class=\"elementor-column elementor-col-100 elementor-top-column elementor-element elementor-element-0e5dbd9\" data-id=\"0e5dbd9\" data-element_type=\"column\" data-e-type=\"column\">\n\t\t\t<div class=\"elementor-widget-wrap elementor-element-populated\">\n\t\t\t\t\t\t<div class=\"elementor-element elementor-element-62bd8ef elementor-widget elementor-widget-heading\" data-id=\"62bd8ef\" data-element_type=\"widget\" data-e-type=\"widget\" data-widget_type=\"heading.default\">\n\t\t\t\t<div class=\"elementor-widget-container\">\n\t\t\t\t\t<h2 class=\"elementor-heading-title elementor-size-default\">Principes directeurs<\/h2>\t\t\t\t<\/div>\n\t\t\t\t<\/div>\n\t\t\t\t<div class=\"elementor-element elementor-element-50436c0 elementor-widget elementor-widget-text-editor\" data-id=\"50436c0\" data-element_type=\"widget\" data-e-type=\"widget\" data-widget_type=\"text-editor.default\">\n\t\t\t\t<div class=\"elementor-widget-container\">\n\t\t\t\t\t\t\t\t\t<p>Afin de garantir que chaque outil de prise de d\u00e9cision en mati\u00e8re d&#8217;emballage soit \u00e0 la fois utile et facile \u00e0 utiliser pour les acteurs de l&rsquo;industrie alimentaire et des fruits et l\u00e9gumes, les principes directeurs suivants ont \u00e9t\u00e9 \u00e9tablis pour guider leur d\u00e9veloppement.<\/p>\n\t\t\t\t\t\t\t\t<\/div>\n\t\t\t\t<\/div>\n\t\t\t\t<div class=\"elementor-element elementor-element-c0060ce text-columns elementor-widget elementor-widget-text-editor\" data-id=\"c0060ce\" data-element_type=\"widget\" data-e-type=\"widget\" data-widget_type=\"text-editor.default\">\n\t\t\t\t<div class=\"elementor-widget-container\">\n\t\t\t\t\t\t\t\t\t<h4>Une exp\u00e9rience utilisateur efficace<\/h4>\n<p>Pour produire une valeur ajout\u00e9e \u00e0 la prise de d\u00e9cision en mati\u00e8re d&#8217;emballage, il est essentiel de mettre l&rsquo;accent sur l&rsquo;exp\u00e9rience de l&rsquo;utilisateur. Par cons\u00e9quent, les outils ont \u00e9t\u00e9 con\u00e7us de mani\u00e8re \u00e0 \u00eatre orient\u00e9s vers l&rsquo;action, pratiques et faciles \u00e0 utiliser.<\/p>\n<h4>Co-Curation<\/h4>\n<p>Compte tenu de l&rsquo;importance des informations pertinentes provenant de l&rsquo;ensemble de l&rsquo;\u00e9cosyst\u00e8me des plastiques, le guide a \u00e9t\u00e9 \u00e9labor\u00e9 dans le cadre d&rsquo;un processus de co-curation, le \u00ab\u00a0co\u00a0\u00bb \u00e9tant le r\u00e9seau des participants au projet qui ont fourni un retour d&rsquo;information et des informations utiles au cours de son \u00e9laboration. Les participants ont donn\u00e9 la priorit\u00e9 aux informations les plus pertinentes et \u00e0 la mani\u00e8re de les rassembler, en \u00e9vitant de \u00ab\u00a0r\u00e9inventer la roue\u00a0\u00bb dans la mesure du possible.<\/p>\n<h4>Directionnel<\/h4>\n<p>Les outils sont con\u00e7us pour aider les utilisateurs dans leur processus de prise de d\u00e9cision. \u00c9tant donn\u00e9 que chaque contexte commercial est unique, les outils ne sont pas normatifs, mais fournissent plut\u00f4t des conseils et des orientations sur ce que les utilisateurs doivent prendre en compte lorsqu&rsquo;ils \u00e9valuent les diff\u00e9rentes options d&#8217;emballage.<\/p>\n<h4>Science du son<\/h4>\n<p>Le plan strat\u00e9gique de l&rsquo;ACPM donne la priorit\u00e9 \u00e0 l&rsquo;utilisation d&rsquo;informations scientifiques fiables et factuelles dans ses produits d&rsquo;information. Par cons\u00e9quent, ce travail fait r\u00e9f\u00e9rence \u00e0 deux cadres cl\u00e9s :<\/p>\n<ul>\n<li>La feuille de route pour le d\u00e9veloppement durable du groupe de recherche, d&rsquo;information et de mise en r\u00e9seau sur l&#8217;emballage durable<a href=\"http:\/\/www.springpack.net\/roadmap\">(<\/a>SPRING)<a href=\"http:\/\/www.springpack.net\/roadmap\">(www.springpack.net\/roadmap<\/a>) et la feuille de route pour le d\u00e9veloppement durable du groupe de travail sur l&#8217;emballage durable<a href=\"http:\/\/www.springpack.net\/roadmap\">(<\/a>SPRING).<\/li>\n<li>Le <a href=\"https:\/\/ellenmacarthurfoundation.org\/upstream-innovation\/overview\">guide Ellen MacArthur&rsquo;s Upstream Innovation Guide to Packaging Solutions (Guide de l&rsquo;innovation en amont pour les solutions d&#8217;emballage<\/a>).<\/li>\n<\/ul>\n<div>\n<h4 style=\"font-family: 'Nunito Sans', sans-serif;\">Bas\u00e9 sur les r\u00e9sultats<\/h4>\n<p>Le guide et les outils associ\u00e9s sont con\u00e7us pour atteindre des r\u00e9sultats cl\u00e9s en mati\u00e8re de durabilit\u00e9, notamment<\/p>\n<ul>\n<li><strong>permettre et soutenir une \u00e9conomie circulaire<\/strong> (maximiser la circulation des mat\u00e9riaux)  <\/li>\n<li>la <strong>gestion durable des mat\u00e9riaux<\/strong> (maximiser la r\u00e9duction des impacts n\u00e9gatifs tout au long du cycle de vie d&rsquo;un syst\u00e8me produit-emballage), et<\/li>\n<li>une <strong>v\u00e9ritable durabilit\u00e9<\/strong> (\u00e9quilibre entre les consid\u00e9rations sociales, \u00e9conomiques et environnementales)<\/li>\n<\/ul>\n<\/div>\n\t\t\t\t\t\t\t\t<\/div>\n\t\t\t\t<\/div>\n\t\t\t\t\t<\/div>\n\t\t<\/div>\n\t\t\t\t\t<\/div>\n\t\t<\/section>\n\t\t\t\t<\/div>\n\t\t","protected":false},"excerpt":{"rendered":"<p>Contexte L&rsquo;industrie canadienne de l&rsquo;alimentation et des fruits et l\u00e9gumes est diversifi\u00e9e, allant des grands d\u00e9taillants aux petites entreprises produisant des biens pour les march\u00e9s locaux. Tous sont confront\u00e9s au d\u00e9fi de r\u00e9duire l&rsquo;impact des emballages sur notre environnement commun. Le d\u00e9veloppement d&rsquo;outils de prise de d\u00e9cision en mati\u00e8re d&#8217;emballage guidant l&rsquo;industrie fournit des ressources [&hellip;]<\/p>\n","protected":false},"author":2,"featured_media":0,"parent":623,"menu_order":0,"comment_status":"closed","ping_status":"closed","template":"","meta":{"_acf_changed":false,"inline_featured_image":false,"footnotes":""},"categories":[],"tags":[],"faq":[],"class_list":["post-722","page","type-page","status-publish","hentry"],"acf":[],"_links":{"self":[{"href":"https:\/\/sustainable-packaging.ca\/fr\/wp-json\/wp\/v2\/pages\/722","targetHints":{"allow":["GET"]}}],"collection":[{"href":"https:\/\/sustainable-packaging.ca\/fr\/wp-json\/wp\/v2\/pages"}],"about":[{"href":"https:\/\/sustainable-packaging.ca\/fr\/wp-json\/wp\/v2\/types\/page"}],"author":[{"embeddable":true,"href":"https:\/\/sustainable-packaging.ca\/fr\/wp-json\/wp\/v2\/users\/2"}],"replies":[{"embeddable":true,"href":"https:\/\/sustainable-packaging.ca\/fr\/wp-json\/wp\/v2\/comments?post=722"}],"version-history":[{"count":0,"href":"https:\/\/sustainable-packaging.ca\/fr\/wp-json\/wp\/v2\/pages\/722\/revisions"}],"up":[{"embeddable":true,"href":"https:\/\/sustainable-packaging.ca\/fr\/wp-json\/wp\/v2\/pages\/623"}],"wp:attachment":[{"href":"https:\/\/sustainable-packaging.ca\/fr\/wp-json\/wp\/v2\/media?parent=722"}],"wp:term":[{"taxonomy":"category","embeddable":true,"href":"https:\/\/sustainable-packaging.ca\/fr\/wp-json\/wp\/v2\/categories?post=722"},{"taxonomy":"post_tag","embeddable":true,"href":"https:\/\/sustainable-packaging.ca\/fr\/wp-json\/wp\/v2\/tags?post=722"},{"taxonomy":"faq","embeddable":true,"href":"https:\/\/sustainable-packaging.ca\/fr\/wp-json\/wp\/v2\/faq?post=722"}],"curies":[{"name":"wp","href":"https:\/\/api.w.org\/{rel}","templated":true}]}}